{"id":540,"date":"2018-11-27T09:16:54","date_gmt":"2018-11-27T09:16:54","guid":{"rendered":"https:\/\/dreger.si\/?page_id=540"},"modified":"2022-08-29T17:38:03","modified_gmt":"2022-08-29T17:38:03","slug":"glowna","status":"publish","type":"page","link":"https:\/\/dreger.si\/","title":{"rendered":"Strona g\u0142\u00f3wna"},"content":{"rendered":"\t\t<div data-elementor-type=\"wp-page\" data-elementor-id=\"540\" class=\"elementor elementor-540\">\n\t\t\t\t\t\t\t\t\t<section class=\"elementor-section elementor-top-section elementor-element elementor-element-c50838b elementor-section-boxed elementor-section-height-default elementor-section-height-default\" data-id=\"c50838b\" data-element_type=\"section\" data-settings=\"{&quot;background_background&quot;:&quot;classic&quot;}\">\n\t\t\t\t\t\t\t<div class=\"elementor-background-overlay\"><\/div>\n\t\t\t\t\t\t\t<div class=\"elementor-container elementor-column-gap-default\">\n\t\t\t\t\t<div class=\"elementor-column elementor-col-100 elementor-top-column elementor-element elementor-element-55b0429\" data-id=\"55b0429\" data-element_type=\"column\">\n\t\t\t<div class=\"elementor-widget-wrap elementor-element-populated\">\n\t\t\t\t\t\t\t\t<div class=\"elementor-element elementor-element-12ffbd7 elementor-widget elementor-widget-image\" data-id=\"12ffbd7\" data-element_type=\"widget\" data-widget_type=\"image.default\">\n\t\t\t\t<div class=\"elementor-widget-container\">\n\t\t\t<style>\/*! elementor - v3.8.0 - 30-10-2022 *\/\n.elementor-widget-image{text-align:center}.elementor-widget-image a{display:inline-block}.elementor-widget-image a img[src$=\".svg\"]{width:48px}.elementor-widget-image img{vertical-align:middle;display:inline-block}<\/style>\t\t\t\t\t\t\t\t\t\t\t\t<img loading=\"lazy\" decoding=\"async\" width=\"568\" height=\"162\" src=\"https:\/\/dreger.si\/wp-content\/uploads\/2022\/08\/Beznazwy-4-202x58.png\" class=\"attachment-large size-large\" alt=\"dreger_si\" srcset=\"https:\/\/dreger.si\/wp-content\/uploads\/2022\/08\/Beznazwy-4.png 1x, https:\/\/dreger.si\/wp-content\/uploads\/2022\/08\/Beznazwy-4.png 2x\" sizes=\"auto, (max-width: 568px) 100vw, 568px\" \/>\t\t\t\t\t\t\t\t\t\t\t\t\t\t\t<\/div>\n\t\t\t\t<\/div>\n\t\t\t\t\t<\/div>\n\t\t<\/div>\n\t\t\t\t\t\t\t<\/div>\n\t\t<\/section>\n\t\t\t\t<section class=\"elementor-section elementor-top-section elementor-element elementor-element-88c37af elementor-section-boxed elementor-section-height-default elementor-section-height-default\" data-id=\"88c37af\" data-element_type=\"section\" data-settings=\"{&quot;background_background&quot;:&quot;classic&quot;}\">\n\t\t\t\t\t\t<div class=\"elementor-container elementor-column-gap-default\">\n\t\t\t\t\t<div class=\"elementor-column elementor-col-33 elementor-top-column elementor-element elementor-element-fcd0387\" data-id=\"fcd0387\" data-element_type=\"column\">\n\t\t\t<div class=\"elementor-widget-wrap\">\n\t\t\t\t\t\t\t\t\t<\/div>\n\t\t<\/div>\n\t\t\t\t<div class=\"elementor-column elementor-col-33 elementor-top-column elementor-element elementor-element-ebb0c7d\" data-id=\"ebb0c7d\" data-element_type=\"column\">\n\t\t\t<div class=\"elementor-widget-wrap elementor-element-populated\">\n\t\t\t\t\t\t\t\t<div class=\"elementor-element elementor-element-cb5a798 elementor-widget elementor-widget-testimonial\" data-id=\"cb5a798\" data-element_type=\"widget\" data-widget_type=\"testimonial.default\">\n\t\t\t\t<div class=\"elementor-widget-container\">\n\t\t\t<style>\/*! elementor - v3.8.0 - 30-10-2022 *\/\n.elementor-testimonial-wrapper{overflow:hidden;text-align:center}.elementor-testimonial-wrapper .elementor-testimonial-content{font-size:1.3em;margin-bottom:20px}.elementor-testimonial-wrapper .elementor-testimonial-name{line-height:1.5;display:block}.elementor-testimonial-wrapper .elementor-testimonial-job{font-size:.85em;display:block}.elementor-testimonial-wrapper .elementor-testimonial-meta{width:100%;line-height:1}.elementor-testimonial-wrapper .elementor-testimonial-meta-inner{display:inline-block}.elementor-testimonial-wrapper .elementor-testimonial-meta .elementor-testimonial-details,.elementor-testimonial-wrapper .elementor-testimonial-meta .elementor-testimonial-image{display:table-cell;vertical-align:middle}.elementor-testimonial-wrapper .elementor-testimonial-meta .elementor-testimonial-image img{width:60px;height:60px;border-radius:50%;-o-object-fit:cover;object-fit:cover;max-width:none}.elementor-testimonial-wrapper .elementor-testimonial-meta.elementor-testimonial-image-position-aside .elementor-testimonial-image{padding-right:15px}.elementor-testimonial-wrapper .elementor-testimonial-meta.elementor-testimonial-image-position-aside .elementor-testimonial-details{text-align:left}.elementor-testimonial-wrapper .elementor-testimonial-meta.elementor-testimonial-image-position-top .elementor-testimonial-details,.elementor-testimonial-wrapper .elementor-testimonial-meta.elementor-testimonial-image-position-top .elementor-testimonial-image{display:block}.elementor-testimonial-wrapper .elementor-testimonial-meta.elementor-testimonial-image-position-top .elementor-testimonial-image{margin-bottom:20px}<\/style>\t\t<div class=\"elementor-testimonial-wrapper\">\n\t\t\t\t\t\t\t<div class=\"elementor-testimonial-content\">\u201eWszystkie dzieciaki potrzebuj\u0105 troch\u0119 pomocy, troch\u0119 nadziei i&nbsp;kogo\u015b kto w&nbsp;nie&nbsp;wierzy.\u201d<\/div>\n\t\t\t\n\t\t\t\t\t\t<div class=\"elementor-testimonial-meta\">\n\t\t\t\t<div class=\"elementor-testimonial-meta-inner\">\n\t\t\t\t\t\n\t\t\t\t\t\t\t\t\t\t<div class=\"elementor-testimonial-details\">\n\t\t\t\t\t\t\t\t\t\t\t\t\t\t<div class=\"elementor-testimonial-name\">Earvin \u201eMagic\u201d Johnson<\/div>\n\t\t\t\t\t\t\t\t\t\t\t\t\t\t\t\t\t\t\t<\/div>\n\t\t\t\t\t\t\t\t\t<\/div>\n\t\t\t<\/div>\n\t\t\t\t\t<\/div>\n\t\t\t\t<\/div>\n\t\t\t\t<\/div>\n\t\t\t\t\t<\/div>\n\t\t<\/div>\n\t\t\t\t<div class=\"elementor-column elementor-col-33 elementor-top-column elementor-element elementor-element-9ee81d6\" data-id=\"9ee81d6\" data-element_type=\"column\">\n\t\t\t<div class=\"elementor-widget-wrap\">\n\t\t\t\t\t\t\t\t\t<\/div>\n\t\t<\/div>\n\t\t\t\t\t\t\t<\/div>\n\t\t<\/section>\n\t\t\t\t<section class=\"elementor-section elementor-top-section elementor-element elementor-element-51af88c elementor-section-boxed elementor-section-height-default elementor-section-height-default\" data-id=\"51af88c\" data-element_type=\"section\" data-settings=\"{&quot;background_background&quot;:&quot;classic&quot;}\">\n\t\t\t\t\t\t\t<div class=\"elementor-background-overlay\"><\/div>\n\t\t\t\t\t\t\t<div class=\"elementor-container elementor-column-gap-default\">\n\t\t\t\t\t<div class=\"elementor-column elementor-col-100 elementor-top-column elementor-element elementor-element-a9a69dd\" data-id=\"a9a69dd\" data-element_type=\"column\">\n\t\t\t<div class=\"elementor-widget-wrap elementor-element-populated\">\n\t\t\t\t\t\t\t\t<div class=\"elementor-element elementor-element-903dcf2 elementor-widget elementor-widget-heading\" data-id=\"903dcf2\" data-element_type=\"widget\" data-widget_type=\"heading.default\">\n\t\t\t\t<div class=\"elementor-widget-container\">\n\t\t\t<style>\/*! elementor - v3.8.0 - 30-10-2022 *\/\n.elementor-heading-title{padding:0;margin:0;line-height:1}.elementor-widget-heading .elementor-heading-title[class*=elementor-size-]>a{color:inherit;font-size:inherit;line-height:inherit}.elementor-widget-heading .elementor-heading-title.elementor-size-small{font-size:15px}.elementor-widget-heading .elementor-heading-title.elementor-size-medium{font-size:19px}.elementor-widget-heading .elementor-heading-title.elementor-size-large{font-size:29px}.elementor-widget-heading .elementor-heading-title.elementor-size-xl{font-size:39px}.elementor-widget-heading .elementor-heading-title.elementor-size-xxl{font-size:59px}<\/style><h2 class=\"elementor-heading-title elementor-size-default\">JE\u015aLI NIEPOKOI CI\u0118, \u017bE&nbsp;TWOJE DZIECKO<\/h2>\t\t<\/div>\n\t\t\t\t<\/div>\n\t\t\t\t<div class=\"elementor-element elementor-element-1694eb3 elementor-widget-divider--view-line elementor-widget elementor-widget-divider\" data-id=\"1694eb3\" data-element_type=\"widget\" data-widget_type=\"divider.default\">\n\t\t\t\t<div class=\"elementor-widget-container\">\n\t\t\t<style>\/*! elementor - v3.8.0 - 30-10-2022 *\/\n.elementor-widget-divider{--divider-border-style:none;--divider-border-width:1px;--divider-color:#2c2c2c;--divider-icon-size:20px;--divider-element-spacing:10px;--divider-pattern-height:24px;--divider-pattern-size:20px;--divider-pattern-url:none;--divider-pattern-repeat:repeat-x}.elementor-widget-divider .elementor-divider{display:-webkit-box;display:-ms-flexbox;display:flex}.elementor-widget-divider .elementor-divider__text{font-size:15px;line-height:1;max-width:95%}.elementor-widget-divider .elementor-divider__element{margin:0 var(--divider-element-spacing);-ms-flex-negative:0;flex-shrink:0}.elementor-widget-divider .elementor-icon{font-size:var(--divider-icon-size)}.elementor-widget-divider .elementor-divider-separator{display:-webkit-box;display:-ms-flexbox;display:flex;margin:0;direction:ltr}.elementor-widget-divider--view-line_icon .elementor-divider-separator,.elementor-widget-divider--view-line_text .elementor-divider-separator{-webkit-box-align:center;-ms-flex-align:center;align-items:center}.elementor-widget-divider--view-line_icon .elementor-divider-separator:after,.elementor-widget-divider--view-line_icon .elementor-divider-separator:before,.elementor-widget-divider--view-line_text .elementor-divider-separator:after,.elementor-widget-divider--view-line_text .elementor-divider-separator:before{display:block;content:\"\";border-bottom:0;-webkit-box-flex:1;-ms-flex-positive:1;flex-grow:1;border-top:var(--divider-border-width) var(--divider-border-style) var(--divider-color)}.elementor-widget-divider--element-align-left .elementor-divider .elementor-divider-separator>.elementor-divider__svg:first-of-type{-webkit-box-flex:0;-ms-flex-positive:0;flex-grow:0;-ms-flex-negative:100;flex-shrink:100}.elementor-widget-divider--element-align-left .elementor-divider-separator:before{content:none}.elementor-widget-divider--element-align-left .elementor-divider__element{margin-left:0}.elementor-widget-divider--element-align-right .elementor-divider .elementor-divider-separator>.elementor-divider__svg:last-of-type{-webkit-box-flex:0;-ms-flex-positive:0;flex-grow:0;-ms-flex-negative:100;flex-shrink:100}.elementor-widget-divider--element-align-right .elementor-divider-separator:after{content:none}.elementor-widget-divider--element-align-right .elementor-divider__element{margin-right:0}.elementor-widget-divider:not(.elementor-widget-divider--view-line_text):not(.elementor-widget-divider--view-line_icon) .elementor-divider-separator{border-top:var(--divider-border-width) var(--divider-border-style) var(--divider-color)}.elementor-widget-divider--separator-type-pattern{--divider-border-style:none}.elementor-widget-divider--separator-type-pattern.elementor-widget-divider--view-line .elementor-divider-separator,.elementor-widget-divider--separator-type-pattern:not(.elementor-widget-divider--view-line) .elementor-divider-separator:after,.elementor-widget-divider--separator-type-pattern:not(.elementor-widget-divider--view-line) .elementor-divider-separator:before,.elementor-widget-divider--separator-type-pattern:not([class*=elementor-widget-divider--view]) .elementor-divider-separator{width:100%;min-height:var(--divider-pattern-height);-webkit-mask-size:var(--divider-pattern-size) 100%;mask-size:var(--divider-pattern-size) 100%;-webkit-mask-repeat:var(--divider-pattern-repeat);mask-repeat:var(--divider-pattern-repeat);background-color:var(--divider-color);-webkit-mask-image:var(--divider-pattern-url);mask-image:var(--divider-pattern-url)}.elementor-widget-divider--no-spacing{--divider-pattern-size:auto}.elementor-widget-divider--bg-round{--divider-pattern-repeat:round}.rtl .elementor-widget-divider .elementor-divider__text{direction:rtl}.e-con-inner>.elementor-widget-divider,.e-con>.elementor-widget-divider{width:var(--container-widget-width,100%)}<\/style>\t\t<div class=\"elementor-divider\">\n\t\t\t<span class=\"elementor-divider-separator\">\n\t\t\t\t\t\t<\/span>\n\t\t<\/div>\n\t\t\t\t<\/div>\n\t\t\t\t<\/div>\n\t\t\t\t<section class=\"elementor-section elementor-inner-section elementor-element elementor-element-6ae756e elementor-hidden-mobile elementor-section-boxed elementor-section-height-default elementor-section-height-default\" data-id=\"6ae756e\" data-element_type=\"section\">\n\t\t\t\t\t\t<div class=\"elementor-container elementor-column-gap-default\">\n\t\t\t\t\t<div class=\"elementor-column elementor-col-50 elementor-inner-column elementor-element elementor-element-151f067\" data-id=\"151f067\" data-element_type=\"column\">\n\t\t\t<div class=\"elementor-widget-wrap elementor-element-populated\">\n\t\t\t\t\t\t\t\t<div class=\"elementor-element elementor-element-e7c27ed elementor-widget elementor-widget-text-editor\" data-id=\"e7c27ed\" data-element_type=\"widget\" data-widget_type=\"text-editor.default\">\n\t\t\t\t<div class=\"elementor-widget-container\">\n\t\t\t<style>\/*! elementor - v3.8.0 - 30-10-2022 *\/\n.elementor-widget-text-editor.elementor-drop-cap-view-stacked .elementor-drop-cap{background-color:#818a91;color:#fff}.elementor-widget-text-editor.elementor-drop-cap-view-framed .elementor-drop-cap{color:#818a91;border:3px solid;background-color:transparent}.elementor-widget-text-editor:not(.elementor-drop-cap-view-default) .elementor-drop-cap{margin-top:8px}.elementor-widget-text-editor:not(.elementor-drop-cap-view-default) .elementor-drop-cap-letter{width:1em;height:1em}.elementor-widget-text-editor .elementor-drop-cap{float:left;text-align:center;line-height:1;font-size:50px}.elementor-widget-text-editor .elementor-drop-cap-letter{display:inline-block}<\/style>\t\t\t\t<ul>\n \t<li style=\"font-weight: 400;\">\u00a0je tylko pewne rodzaje pokarmu<\/li>\n \t<li style=\"font-weight: 400;\">nie reaguje na b\u00f3l<\/li>\n \t<li style=\"font-weight: 400;\">nadmiernie reaguje na&nbsp;b\u00f3l<\/li>\n \t<li style=\"font-weight: 400;\">nie lubi mycia czy czesania w\u0142os\u00f3w<\/li>\n \t<li style=\"font-weight: 400;\">unika obcinania paznokci<\/li>\n \t<li style=\"font-weight: 400;\">ma chorob\u0119 lokomocyjn\u0105<\/li>\n \t<li style=\"font-weight: 400;\">nie lubi hu\u015btawek<\/li>\n \t<li style=\"font-weight: 400;\">unika chodzenia boso<\/li>\n \t<li style=\"font-weight: 400;\">chodzi na&nbsp;palcach<\/li>\n \t<li style=\"font-weight: 400;\">nie lubi ubierania&nbsp;si\u0119<\/li>\n \t<li style=\"font-weight: 400;\">nosi tylko konkretne ubrania<\/li>\n \t<li style=\"font-weight: 400;\">narzeka na&nbsp;metki przy&nbsp;ubraniach<\/li>\n \t<li style=\"font-weight: 400;\">ma&nbsp;trudno\u015b\u0107 ze&nbsp;zrozumieniem polece\u0144<\/li>\n \t<li style=\"font-weight: 400;\">jest w&nbsp;ci\u0105g\u0142ym ruchu: biega, skacze, wspina&nbsp;si\u0119<\/li>\n \t<li style=\"font-weight: 400;\">ma&nbsp;problemy ze&nbsp;skupieniem<\/li>\n \t<li style=\"font-weight: 400;\">wpada na&nbsp;przedmioty lub&nbsp;innych ludzi<\/li>\n \t<li style=\"font-weight: 400;\">potyka si\u0119 o&nbsp;w\u0142asne nogi<\/li>\n \t<li style=\"font-weight: 400;\">mocno \u015bciska innych<\/li>\n<\/ul>\t\t\t\t\t\t<\/div>\n\t\t\t\t<\/div>\n\t\t\t\t\t<\/div>\n\t\t<\/div>\n\t\t\t\t<div class=\"elementor-column elementor-col-50 elementor-inner-column elementor-element elementor-element-47bc4a2\" data-id=\"47bc4a2\" data-element_type=\"column\">\n\t\t\t<div class=\"elementor-widget-wrap elementor-element-populated\">\n\t\t\t\t\t\t\t\t<div class=\"elementor-element elementor-element-39d5110 elementor-widget elementor-widget-text-editor\" data-id=\"39d5110\" data-element_type=\"widget\" data-widget_type=\"text-editor.default\">\n\t\t\t\t<div class=\"elementor-widget-container\">\n\t\t\t\t\t\t\t<ul>\n \t<li style=\"font-weight: 400;\">cz\u0119sto gryzie<\/li>\n \t<li style=\"font-weight: 400;\">wk\u0142ada wszystko do&nbsp;buzi<\/li>\n \t<li style=\"font-weight: 400;\">ma&nbsp;trudno\u015b\u0107 z&nbsp;nauk\u0105 jazdy na&nbsp;rowerze<\/li>\n \t<li style=\"font-weight: 400;\">unika zat\u0142oczonych miejsc<\/li>\n \t<li style=\"font-weight: 400;\">zakrywa uszy<\/li>\n \t<li style=\"font-weight: 400;\">jest ha\u0142a\u015bliwe<\/li>\n \t<li style=\"font-weight: 400;\">ma k\u0142opoty z&nbsp;zasypianiem<\/li>\n \t<li style=\"font-weight: 400;\">jest p\u0142aczliwe, wycofane<\/li>\n \t<li style=\"font-weight: 400;\">chowa si\u0119<\/li>\n \t<li style=\"font-weight: 400;\">unika kontaktu wzrokowego<\/li>\n \t<li style=\"font-weight: 400;\">siada w&nbsp;\u201eW\u201d<\/li>\n \t<li style=\"font-weight: 400;\">szura nogami<\/li>\n \t<li style=\"font-weight: 400;\">ssie kciuk<\/li>\n \t<li style=\"font-weight: 400;\">zbyt mocno chwyta przedmioty<\/li>\n \t<li style=\"font-weight: 400;\">wszystko leci mu z&nbsp;r\u0105k<\/li>\n \t<li style=\"font-weight: 400;\">nie\u015bwiadomie sprawia b\u00f3l innym<\/li>\n \t<li style=\"font-weight: 400;\">nie bawi si\u0119 z&nbsp;r\u00f3wie\u015bnikami<\/li>\n \t<li style=\"font-weight: 400;\">myli praw\u0105 i&nbsp;lew\u0105 stron\u0119<\/li>\n<\/ul>\t\t\t\t\t\t<\/div>\n\t\t\t\t<\/div>\n\t\t\t\t\t<\/div>\n\t\t<\/div>\n\t\t\t\t\t\t\t<\/div>\n\t\t<\/section>\n\t\t\t\t<section class=\"elementor-section elementor-inner-section elementor-element elementor-element-3c187d6 elementor-hidden-desktop elementor-hidden-tablet elementor-section-boxed elementor-section-height-default elementor-section-height-default\" data-id=\"3c187d6\" data-element_type=\"section\">\n\t\t\t\t\t\t<div class=\"elementor-container elementor-column-gap-default\">\n\t\t\t\t\t<div class=\"elementor-column elementor-col-100 elementor-inner-column elementor-element elementor-element-5a6ff13\" data-id=\"5a6ff13\" data-element_type=\"column\">\n\t\t\t<div class=\"elementor-widget-wrap elementor-element-populated\">\n\t\t\t\t\t\t\t\t<div class=\"elementor-element elementor-element-613a8d1 elementor-widget elementor-widget-text-editor\" data-id=\"613a8d1\" data-element_type=\"widget\" data-widget_type=\"text-editor.default\">\n\t\t\t\t<div class=\"elementor-widget-container\">\n\t\t\t\t\t\t\t<ul>\n \t<li style=\"font-weight: 400;\">je tylko pewne rodzaje pokarmu<\/li>\n \t<li style=\"font-weight: 400;\">nie reaguje na\u00a0b\u00f3l<\/li>\n \t<li style=\"font-weight: 400;\">nadmiernie reaguje na\u00a0b\u00f3l<\/li>\n \t<li style=\"font-weight: 400;\">nie lubi mycia czy czesania w\u0142os\u00f3w<\/li>\n \t<li style=\"font-weight: 400;\">unika obcinania paznokci<\/li>\n \t<li style=\"font-weight: 400;\">ma chorob\u0119 lokomocyjn\u0105<\/li>\n \t<li style=\"font-weight: 400;\">nie lubi hu\u015btawek<\/li>\n \t<li style=\"font-weight: 400;\">unika chodzenia boso<\/li>\n \t<li style=\"font-weight: 400;\">chodzi na\u00a0palcach<\/li>\n \t<li style=\"font-weight: 400;\">nie lubi ubierania\u00a0si\u0119<\/li>\n \t<li style=\"font-weight: 400;\">nosi tylko konkretne ubrania<\/li>\n \t<li style=\"font-weight: 400;\">narzeka na metki przy ubraniach<\/li>\n \t<li style=\"font-weight: 400;\">ma trudno\u015b\u0107 ze zrozumieniem polece\u0144<\/li>\n \t<li style=\"font-weight: 400;\">jest w ci\u0105g\u0142ym ruchu: biega, skacze, wspina\u00a0si\u0119<\/li>\n \t<li style=\"font-weight: 400;\">ma problemy ze\u00a0skupieniem<\/li>\n \t<li style=\"font-weight: 400;\">wpada na przedmioty lub innych ludzi<\/li>\n \t<li style=\"font-weight: 400;\">potyka si\u0119 o w\u0142asne nogi<\/li>\n \t<li style=\"font-weight: 400;\">mocno \u015bciska innych<\/li>\n \t<li style=\"font-weight: 400;\">cz\u0119sto gryzie<\/li>\n \t<li style=\"font-weight: 400;\">wk\u0142ada wszystko do\u00a0buzi<\/li>\n \t<li style=\"font-weight: 400;\">ma trudno\u015b\u0107 z nauk\u0105 jazdy na\u00a0rowerze<\/li>\n \t<li style=\"font-weight: 400;\">unika zat\u0142oczonych miejsc<\/li>\n \t<li style=\"font-weight: 400;\">zakrywa uszy<\/li>\n \t<li style=\"font-weight: 400;\">jest ha\u0142a\u015bliwe<\/li>\n \t<li style=\"font-weight: 400;\">ma k\u0142opoty z\u00a0zasypianiem<\/li>\n \t<li style=\"font-weight: 400;\">jest p\u0142aczliwe, wycofane<\/li>\n \t<li style=\"font-weight: 400;\">chowa si\u0119<\/li>\n \t<li style=\"font-weight: 400;\">unika kontaktu wzrokowego<\/li>\n \t<li style=\"font-weight: 400;\">siada w\u00a0\u201eW\u201d<\/li>\n \t<li style=\"font-weight: 400;\">szura nogami<\/li>\n \t<li style=\"font-weight: 400;\">ssie kciuk<\/li>\n \t<li style=\"font-weight: 400;\">zbyt mocno chwyta przedmioty<\/li>\n \t<li style=\"font-weight: 400;\">wszystko leci mu z\u00a0r\u0105k<\/li>\n \t<li style=\"font-weight: 400;\">nie\u015bwiadomie sprawia b\u00f3l innym<\/li>\n \t<li style=\"font-weight: 400;\">nie bawi si\u0119 z\u00a0r\u00f3wie\u015bnikami<\/li>\n \t<li style=\"font-weight: 400;\">myli praw\u0105 i lew\u0105 stron\u0119<\/li>\n<\/ul>\t\t\t\t\t\t<\/div>\n\t\t\t\t<\/div>\n\t\t\t\t\t<\/div>\n\t\t<\/div>\n\t\t\t\t\t\t\t<\/div>\n\t\t<\/section>\n\t\t\t\t<div class=\"elementor-element elementor-element-d2738c2 elementor-widget elementor-widget-text-editor\" data-id=\"d2738c2\" data-element_type=\"widget\" data-widget_type=\"text-editor.default\">\n\t\t\t\t<div class=\"elementor-widget-container\">\n\t\t\t\t\t\t\t<p style=\"text-align: center;\">albo widzisz inne niepokoj\u0105ce sygna\u0142y, zapraszam&nbsp;na&nbsp;konsultacj\u0119.<\/p>\t\t\t\t\t\t<\/div>\n\t\t\t\t<\/div>\n\t\t\t\t<div class=\"elementor-element elementor-element-3ab74e6 elementor-align-center elementor-mobile-align-center elementor-widget elementor-widget-button\" data-id=\"3ab74e6\" data-element_type=\"widget\" data-widget_type=\"button.default\">\n\t\t\t\t<div class=\"elementor-widget-container\">\n\t\t\t\t\t<div class=\"elementor-button-wrapper\">\n\t\t\t<a href=\"https:\/\/dreger.si\/?page_id=543\" class=\"elementor-button-link elementor-button elementor-size-sm\" role=\"button\">\n\t\t\t\t\t\t<span class=\"elementor-button-content-wrapper\">\n\t\t\t\t\t\t\t<span class=\"elementor-button-icon elementor-align-icon-right\">\n\t\t\t\t<i aria-hidden=\"true\" class=\"fas fa-long-arrow-alt-right\"><\/i>\t\t\t<\/span>\n\t\t\t\t\t\t<span class=\"elementor-button-text\">Skontaktuj si\u0119 z nami<\/span>\n\t\t<\/span>\n\t\t\t\t\t<\/a>\n\t\t<\/div>\n\t\t\t\t<\/div>\n\t\t\t\t<\/div>\n\t\t\t\t\t<\/div>\n\t\t<\/div>\n\t\t\t\t\t\t\t<\/div>\n\t\t<\/section>\n\t\t\t\t\t\t\t<\/div>\n\t\t","protected":false},"excerpt":{"rendered":"<p>\u201eWszystkie dzieciaki potrzebuj\u0105 troch\u0119 pomocy, troch\u0119 nadziei i&nbsp;kogo\u015b kto w&nbsp;nie&nbsp;wierzy.\u201d Earvin \u201eMagic\u201d Johnson JE\u015aLI NIEPOKOI CI\u0118, \u017bE&nbsp;TWOJE DZIECKO \u00a0je tylko pewne rodzaje pokarmu nie reaguje na b\u00f3l nadmiernie reaguje na&nbsp;b\u00f3l nie lubi mycia czy czesania w\u0142os\u00f3w unika obcinania paznokci ma chorob\u0119 lokomocyjn\u0105 nie lubi hu\u015btawek unika chodzenia boso chodzi na&nbsp;palcach nie lubi ubierania&nbsp;si\u0119 nosi tylko &hellip;<\/p>\n<p class=\"read-more\"> <a class=\"\" href=\"https:\/\/dreger.si\/\"> <span class=\"screen-reader-text\">Strona g\u0142\u00f3wna<\/span> Read More &raquo;<\/a><\/p>\n","protected":false},"author":1,"featured_media":0,"parent":0,"menu_order":0,"comment_status":"closed","ping_status":"closed","template":"","meta":{"site-sidebar-layout":"no-sidebar","site-content-layout":"page-builder","ast-global-header-display":"","ast-main-header-display":"","ast-hfb-above-header-display":"","ast-hfb-below-header-display":"","ast-hfb-mobile-header-display":"","site-post-title":"disabled","ast-breadcrumbs-content":"","ast-featured-img":"disabled","footer-sml-layout":"","theme-transparent-header-meta":"enabled","adv-header-id-meta":"","stick-header-meta":"","header-above-stick-meta":"","header-main-stick-meta":"","header-below-stick-meta":"","footnotes":""},"class_list":["post-540","page","type-page","status-publish","hentry"],"_links":{"self":[{"href":"https:\/\/dreger.si\/index.php?rest_route=\/wp\/v2\/pages\/540","targetHints":{"allow":["GET"]}}],"collection":[{"href":"https:\/\/dreger.si\/index.php?rest_route=\/wp\/v2\/pages"}],"about":[{"href":"https:\/\/dreger.si\/index.php?rest_route=\/wp\/v2\/types\/page"}],"author":[{"embeddable":true,"href":"https:\/\/dreger.si\/index.php?rest_route=\/wp\/v2\/users\/1"}],"replies":[{"embeddable":true,"href":"https:\/\/dreger.si\/index.php?rest_route=%2Fwp%2Fv2%2Fcomments&post=540"}],"version-history":[{"count":59,"href":"https:\/\/dreger.si\/index.php?rest_route=\/wp\/v2\/pages\/540\/revisions"}],"predecessor-version":[{"id":814,"href":"https:\/\/dreger.si\/index.php?rest_route=\/wp\/v2\/pages\/540\/revisions\/814"}],"wp:attachment":[{"href":"https:\/\/dreger.si\/index.php?rest_route=%2Fwp%2Fv2%2Fmedia&parent=540"}],"curies":[{"name":"wp","href":"https:\/\/api.w.org\/{rel}","templated":true}]}}